{"id":442,"date":"2024-05-24T13:05:29","date_gmt":"2024-05-24T11:05:29","guid":{"rendered":"https:\/\/destination-mauritanie.fr\/?page_id=442"},"modified":"2024-05-24T13:05:29","modified_gmt":"2024-05-24T11:05:29","slug":"informations-contact","status":"publish","type":"page","link":"https:\/\/destination-mauritanie.fr\/en\/informations-contact\/","title":{"rendered":"Informations &#038; Contact"},"content":{"rendered":"<div class=\"wpforms-container wpforms-container-full wpforms-block wpforms-block-715ba795-bf4d-4827-ab1e-7d7531ac1f04 wpforms-render-modern\" id=\"wpforms-423\"><form id=\"wpforms-form-423\" class=\"wpforms-validate wpforms-form wpforms-ajax-form\" data-formid=\"423\" method=\"post\" enctype=\"multipart\/form-data\" action=\"\/en\/wp-json\/wp\/v2\/pages\/442\" data-token=\"db5d8d1a55db41ddfa2b713a318010e3\" data-token-time=\"1777782485\" data-trp-original-action=\"\/en\/wp-json\/wp\/v2\/pages\/442\"><noscript class=\"wpforms-error-noscript\">Please enable JavaScript in your browser to complete this form.<\/noscript><div id=\"wpforms-error-noscript\" style=\"display: none;\">Please enable JavaScript in your browser to complete this form.<\/div><div class=\"wpforms-field-container\"><div id=\"wpforms-423-field_2-container\" class=\"wpforms-field wpforms-field-name\" data-field-id=\"2\"><label class=\"wpforms-field-label\" for=\"wpforms-423-field_2\">Name &amp; Surname <span class=\"wpforms-required-label\" aria-hidden=\"true\">*<\/span><\/label><input type=\"text\" id=\"wpforms-423-field_2\" class=\"wpforms-field-medium wpforms-field-required\" name=\"wpforms[fields][2]\" aria-errormessage=\"wpforms-423-field_2-error\" required><\/div><div id=\"wpforms-423-field_3-container\" class=\"wpforms-field wpforms-field-email\" data-field-id=\"3\"><label class=\"wpforms-field-label\" for=\"wpforms-423-field_3\">Email <span class=\"wpforms-required-label\" aria-hidden=\"true\">*<\/span><\/label><input type=\"email\" id=\"wpforms-423-field_3\" class=\"wpforms-field-medium wpforms-field-required\" name=\"wpforms[fields][3]\" spellcheck=\"false\" aria-errormessage=\"wpforms-423-field_3-error\" required><\/div><div id=\"wpforms-423-field_12-container\" class=\"wpforms-field wpforms-field-text\" data-field-id=\"12\"><label class=\"wpforms-field-label\" for=\"wpforms-423-field_12\">Your telephone number to be contacted by our team <span class=\"wpforms-required-label\" aria-hidden=\"true\">*<\/span><\/label><input type=\"text\" id=\"wpforms-423-field_12\" class=\"wpforms-field-medium wpforms-field-required\" name=\"wpforms[fields][12]\" aria-errormessage=\"wpforms-423-field_12-error\" required><\/div><div id=\"wpforms-423-field_5-container\" class=\"wpforms-field wpforms-field-radio\" data-field-id=\"5\"><fieldset><legend class=\"wpforms-field-label\">Your Trip to Mauritania  <span class=\"wpforms-required-label\" aria-hidden=\"true\">*<\/span><\/legend><ul id=\"wpforms-423-field_5\" class=\"wpforms-field-required\"><li class=\"choice-0 depth-1\"><input type=\"radio\" id=\"wpforms-423-field_5_0\" name=\"wpforms[fields][5]\" value=\"150\" aria-errormessage=\"wpforms-423-field_5_0-error\" required><label class=\"wpforms-field-label-inline\" for=\"wpforms-423-field_5_0\">Chinguetti-Terjit entre oasis &amp; dunes de l&rsquo;Adrar, Mauritanie<\/label><\/li><\/ul><\/fieldset><\/div><div id=\"wpforms-423-field_6-container\" class=\"wpforms-field wpforms-field-number-slider\" data-field-id=\"6\"><label class=\"wpforms-field-label\" for=\"wpforms-423-field_6\">Nombre de participants<\/label>\n<input\n\ttype=\"range\"\n\tid=\"wpforms-423-field_6\" class=\"wpforms-field-medium\" name=\"wpforms[fields][6]\" value=\"1\" aria-errormessage=\"wpforms-423-field_6-error\"\t\tmin=\"1\"\n\tmax=\"20\"\n\tstep=\"1\">\n\n<div class=\"wpforms-field-number-slider-hint\"\n\tdata-hint=\"Selected Value: {value}\">\n\tSelected Value: <b>1<\/b><\/div>\n<\/div><div id=\"wpforms-423-field_11-container\" class=\"wpforms-field wpforms-field-select wpforms-field-select-style-classic\" data-field-id=\"11\"><label class=\"wpforms-field-label\" for=\"wpforms-423-field_11\">Desired period<\/label><select id=\"wpforms-423-field_11\" class=\"wpforms-field-medium\" name=\"wpforms[fields][11]\"><option value=\"Septembre\"  class=\"choice-1 depth-1\"  >Septembre<\/option><option value=\"Octobre\"  class=\"choice-2 depth-1\"  >Octobre<\/option><option value=\"Novembre\"  class=\"choice-3 depth-1\"  >Novembre<\/option><option value=\"D\u00e9cembre\"  class=\"choice-4 depth-1\"  >D\u00e9cembre<\/option><option value=\"Janvier\"  class=\"choice-5 depth-1\"  >Janvier<\/option><option value=\"F\u00e9vrier\"  class=\"choice-6 depth-1\"  >F\u00e9vrier<\/option><option value=\"Mars\"  class=\"choice-7 depth-1\"  >Mars<\/option><option value=\"Avril\"  class=\"choice-8 depth-1\"  >Avril<\/option><option value=\"Mai\"  class=\"choice-9 depth-1\"  >Mai<\/option><\/select><\/div><div id=\"wpforms-423-field_7-container\" class=\"wpforms-field wpforms-field-textarea\" data-field-id=\"7\"><label class=\"wpforms-field-label\" for=\"wpforms-423-field_7\">Additional information &amp; prerequisites <\/label><textarea id=\"wpforms-423-field_7\" class=\"wpforms-field-medium\" name=\"wpforms[fields][7]\" aria-errormessage=\"wpforms-423-field_7-error\" ><\/textarea><\/div><\/div><!-- .wpforms-field-container --><div class=\"wpforms-recaptcha-container wpforms-is-recaptcha wpforms-is-recaptcha-type-v3\" ><input type=\"hidden\" name=\"wpforms[recaptcha]\" value=\"\"><\/div><div class=\"wpforms-submit-container\" ><input type=\"hidden\" name=\"wpforms[id]\" value=\"423\"><input type=\"hidden\" name=\"page_title\" value=\"\"><input type=\"hidden\" name=\"page_url\" value=\"https:\/\/destination-mauritanie.fr\/en\/wp-json\/wp\/v2\/pages\/442\"><input type=\"hidden\" name=\"url_referer\" value=\"\"><button type=\"submit\" name=\"wpforms[submit]\" id=\"wpforms-submit-423\" class=\"wpforms-submit\" data-alt-text=\"Envoi en cours ... \" data-submit-text=\"Envoyer\" aria-live=\"assertive\" value=\"wpforms-submit\">Envoyer<\/button><img loading=\"lazy\" decoding=\"async\" src=\"https:\/\/destination-mauritanie.fr\/wp-content\/plugins\/wpforms-lite\/assets\/images\/submit-spin.svg\" class=\"wpforms-submit-spinner\" style=\"display: none;\" width=\"26\" height=\"26\" alt=\"Loading\"><\/div><input type=\"hidden\" name=\"trp-form-language\" value=\"en\"\/><\/form><\/div>  <!-- .wpforms-container -->","protected":false},"excerpt":{"rendered":"<p>Informations &#038; Contact \u2014 Yes Exp\u00e9 r\u00e9pond \u00e0 vos questions pour organiser votre voyage de d\u00e9couverte en Mauritanie. Les dunes du Sahara sont \u00e0 port\u00e9e de clic !  <\/p>","protected":false},"author":1,"featured_media":410,"parent":0,"menu_order":0,"comment_status":"closed","ping_status":"closed","template":"","meta":{"footnotes":""},"aioseo_notices":[],"_links":{"self":[{"href":"https:\/\/destination-mauritanie.fr\/en\/wp-json\/wp\/v2\/pages\/442"}],"collection":[{"href":"https:\/\/destination-mauritanie.fr\/en\/wp-json\/wp\/v2\/pages"}],"about":[{"href":"https:\/\/destination-mauritanie.fr\/en\/wp-json\/wp\/v2\/types\/page"}],"author":[{"embeddable":true,"href":"https:\/\/destination-mauritanie.fr\/en\/wp-json\/wp\/v2\/users\/1"}],"replies":[{"embeddable":true,"href":"https:\/\/destination-mauritanie.fr\/en\/wp-json\/wp\/v2\/comments?post=442"}],"version-history":[{"count":1,"href":"https:\/\/destination-mauritanie.fr\/en\/wp-json\/wp\/v2\/pages\/442\/revisions"}],"predecessor-version":[{"id":443,"href":"https:\/\/destination-mauritanie.fr\/en\/wp-json\/wp\/v2\/pages\/442\/revisions\/443"}],"wp:featuredmedia":[{"embeddable":true,"href":"https:\/\/destination-mauritanie.fr\/en\/wp-json\/wp\/v2\/media\/410"}],"wp:attachment":[{"href":"https:\/\/destination-mauritanie.fr\/en\/wp-json\/wp\/v2\/media?parent=442"}],"curies":[{"name":"wp","href":"https:\/\/api.w.org\/{rel}","templated":true}]}}