{"id":223,"date":"2022-04-25T06:31:19","date_gmt":"2022-04-25T06:31:19","guid":{"rendered":"https:\/\/destination-mauritanie.fr\/?page_id=535"},"modified":"2024-05-31T23:39:14","modified_gmt":"2024-05-31T21:39:14","slug":"home","status":"publish","type":"page","link":"https:\/\/destination-mauritanie.fr\/fr\/","title":{"rendered":"Guide de voyage Mauritanie"},"content":{"rendered":"<div class=\"bm-builder clearfix \"><div id=\"\" class=\"module col-0 module-id-1650868501431\" data-module-col=\"0\"><div class=\"module-inside slider-inside post-0-400\" style=\"--cornerRadius:0px 0px 0px 0px ; --top-mod: 0px;--bottom-mod: 0px;--top-mod-t: 0px;--bottom-mod-t: 0px;--top-mod-m:0px;--bottom-mod-m:0px;\" ><div class=\"slider-mod-wrap slider-style1 slide-des-center slide-arrow-show slide-arrow-show-default slider-hover-offect \" ><div class=\"slider-arrow-left slider-arrow\"><\/div><div class=\"slider-arrow-right slider-arrow\"><\/div><div class=\"owl-carousel \" data-item=\"1\" data-mobileitem=\"1\" data-center=\"false\" data-margin=\"0\" data-marginmobile=\"0\" data-autowidth=\"false\" data-slideby=\"1\" data-showdot=\"true\" data-loop=\"true\" data-nav=\"false\" data-mousedrag=\"false\" data-mousewheel=\"false\" data-transition=\"1200\" data-auto=\"true\" data-autoplayTimeout=\"3000\" data-autohide=\"false\" data-lazy=\"true\" data-random=\"false\" ><section class=\"item\" data-logocolor=\"alt-logo\" data-menucolor=\"alt-menu\" data-id=\"post-0-400\"><div class=\"slide-item-wrap\"><div class=\"slide-item-des\"><div class=\"slide-item-des-wrap\"><\/div><\/div><div class=\"carousel-img-wrap ux-ajax-page-transition-link\" style=\"\"><a href=\"#\" class=\"slider-item-link\" title=\"Destination-Mauritanie\" rel=\" \"><img decoding=\"async\" src=\"data:image\/gif;base64,R0lGODlhAQABAIAAAAAAAP\/\/\/yH5BAEAAAAALAAAAAABAAEAAAIBRAA7\" data-src=\"https:\/\/destination-mauritanie.fr\/wp-content\/uploads\/2024\/05\/DESTINATION-MAURITANIE-RANDONNEE-CHAMELIERE-ADRAR_2.jpg\" alt=\"Randonn\u00e9e chameli\u00e8re \u00e0 travers l&#039;erg Ouarane, de Chinguetti \u00e0 Terjit par Destination-Mauritanie\" data-srcset=\"https:\/\/destination-mauritanie.fr\/wp-content\/uploads\/2024\/05\/DESTINATION-MAURITANIE-RANDONNEE-CHAMELIERE-ADRAR_2.jpg 1080w, https:\/\/destination-mauritanie.fr\/wp-content\/uploads\/2024\/05\/DESTINATION-MAURITANIE-RANDONNEE-CHAMELIERE-ADRAR_2-300x200.jpg 300w, https:\/\/destination-mauritanie.fr\/wp-content\/uploads\/2024\/05\/DESTINATION-MAURITANIE-RANDONNEE-CHAMELIERE-ADRAR_2-1024x683.jpg 1024w, https:\/\/destination-mauritanie.fr\/wp-content\/uploads\/2024\/05\/DESTINATION-MAURITANIE-RANDONNEE-CHAMELIERE-ADRAR_2-768x512.jpg 768w, https:\/\/destination-mauritanie.fr\/wp-content\/uploads\/2024\/05\/DESTINATION-MAURITANIE-RANDONNEE-CHAMELIERE-ADRAR_2-350x233.jpg 350w, https:\/\/destination-mauritanie.fr\/wp-content\/uploads\/2024\/05\/DESTINATION-MAURITANIE-RANDONNEE-CHAMELIERE-ADRAR_2-650x433.jpg 650w, https:\/\/destination-mauritanie.fr\/wp-content\/uploads\/2024\/05\/DESTINATION-MAURITANIE-RANDONNEE-CHAMELIERE-ADRAR_2-1000x667.jpg 1000w\" data-sizes=\"(max-width: 480px) 320px,(max-width: 767px) 500px,(max-width: 1080px) 100vw, 1080px\" class=\"grid-item-img owl-lazy lazy\" ><\/a><\/div><\/div><\/section><section class=\"item\" data-logocolor=\"alt-logo\" data-menucolor=\"alt-menu\" data-id=\"post-1-428\"><div class=\"slide-item-wrap\"><div class=\"slide-item-des\"><div class=\"slide-item-des-wrap\"><\/div><\/div><div class=\"carousel-img-wrap ux-ajax-page-transition-link\" style=\"\"><a href=\"#\" class=\"slider-item-link\" title=\"Destination-Mauritanie\" rel=\" \"><img decoding=\"async\" src=\"data:image\/gif;base64,R0lGODlhAQABAIAAAAAAAP\/\/\/yH5BAEAAAAALAAAAAABAAEAAAIBRAA7\" data-src=\"https:\/\/destination-mauritanie.fr\/wp-content\/uploads\/2024\/05\/DESTINATION-MAURITANIE-VALLEE-BLANCHE_17.jpg\" alt=\"Raid 4x4 dans les oasis de l&#039;Adrar, ici dans la Vall\u00e9e Blanche, par Destination-Mauritanie\" data-srcset=\"https:\/\/destination-mauritanie.fr\/wp-content\/uploads\/2024\/05\/DESTINATION-MAURITANIE-VALLEE-BLANCHE_17.jpg 1080w, https:\/\/destination-mauritanie.fr\/wp-content\/uploads\/2024\/05\/DESTINATION-MAURITANIE-VALLEE-BLANCHE_17-300x200.jpg 300w, https:\/\/destination-mauritanie.fr\/wp-content\/uploads\/2024\/05\/DESTINATION-MAURITANIE-VALLEE-BLANCHE_17-1024x683.jpg 1024w, https:\/\/destination-mauritanie.fr\/wp-content\/uploads\/2024\/05\/DESTINATION-MAURITANIE-VALLEE-BLANCHE_17-768x512.jpg 768w, https:\/\/destination-mauritanie.fr\/wp-content\/uploads\/2024\/05\/DESTINATION-MAURITANIE-VALLEE-BLANCHE_17-350x233.jpg 350w, https:\/\/destination-mauritanie.fr\/wp-content\/uploads\/2024\/05\/DESTINATION-MAURITANIE-VALLEE-BLANCHE_17-650x433.jpg 650w, https:\/\/destination-mauritanie.fr\/wp-content\/uploads\/2024\/05\/DESTINATION-MAURITANIE-VALLEE-BLANCHE_17-1000x667.jpg 1000w\" data-sizes=\"(max-width: 480px) 320px,(max-width: 767px) 500px,(max-width: 1080px) 100vw, 1080px\" class=\"grid-item-img owl-lazy lazy\" ><\/a><\/div><\/div><\/section><section class=\"item\" data-logocolor=\"default-logo\" data-menucolor=\"default-menu\" data-id=\"post-2-434\"><div class=\"slide-item-wrap\"><div class=\"slide-item-des\"><div class=\"slide-item-des-wrap\"><\/div><\/div><div class=\"carousel-img-wrap ux-ajax-page-transition-link\" style=\"\"><a href=\"#\" class=\"slider-item-link\" title=\"Destination-Mauritanie\" rel=\" \"><img decoding=\"async\" src=\"data:image\/gif;base64,R0lGODlhAQABAIAAAAAAAP\/\/\/yH5BAEAAAAALAAAAAABAAEAAAIBRAA7\" data-src=\"https:\/\/destination-mauritanie.fr\/wp-content\/uploads\/2024\/05\/DESTINATION-MAURITANIE-GUELTA-MHEIRETH_1.jpg\" alt=\"Visite touristique de la guelta de M&#039;heireth\" data-srcset=\"https:\/\/destination-mauritanie.fr\/wp-content\/uploads\/2024\/05\/DESTINATION-MAURITANIE-GUELTA-MHEIRETH_1.jpg 1080w, https:\/\/destination-mauritanie.fr\/wp-content\/uploads\/2024\/05\/DESTINATION-MAURITANIE-GUELTA-MHEIRETH_1-300x200.jpg 300w, https:\/\/destination-mauritanie.fr\/wp-content\/uploads\/2024\/05\/DESTINATION-MAURITANIE-GUELTA-MHEIRETH_1-1024x683.jpg 1024w, https:\/\/destination-mauritanie.fr\/wp-content\/uploads\/2024\/05\/DESTINATION-MAURITANIE-GUELTA-MHEIRETH_1-768x512.jpg 768w, https:\/\/destination-mauritanie.fr\/wp-content\/uploads\/2024\/05\/DESTINATION-MAURITANIE-GUELTA-MHEIRETH_1-350x233.jpg 350w, https:\/\/destination-mauritanie.fr\/wp-content\/uploads\/2024\/05\/DESTINATION-MAURITANIE-GUELTA-MHEIRETH_1-650x433.jpg 650w, https:\/\/destination-mauritanie.fr\/wp-content\/uploads\/2024\/05\/DESTINATION-MAURITANIE-GUELTA-MHEIRETH_1-1000x667.jpg 1000w\" data-sizes=\"(max-width: 480px) 320px,(max-width: 767px) 500px,(max-width: 1080px) 100vw, 1080px\" class=\"grid-item-img owl-lazy lazy\" ><\/a><\/div><\/div><\/section><\/div><!--End owl --><\/div><\/div><\/div><div id=\"\" class=\"module col-10 module-id-1650868506816\" data-module-col=\"10\"><div class=\"module-inside text-inside\" style=\"--top-mod: 60px;--bottom-mod: 20px;--top-mod-t: 60px;--bottom-mod-t: 20px;--top-mod-m:30px;--bottom-mod-m:20px;\" ><div class=\"text_block_out\"  data-effect=\"standard\" style=\"\"><div class=\"text_block ux-mod-nobg\"><div class=\"text_block_inn\"><div id=\"text-1650868506816\" class=\"text_block_centered text_block_centered_enable_width\"  style=\"\"><h3>DESTINATION MAURITANIE<\/h3>\n<p>By Yes&rsquo;Exp\u00e9<\/p><\/div><\/div><\/div><\/div><\/div><\/div><div id=\"\" class=\"module col-12 module-id-1717188508291 bm-wrap row-top row-left bm-wrap-height-auto\" data-module-col=\"12\" data-change-color=\"off\" data-backcolor=\"transparent\" data-frontcolor=\"\" data-logocolor=\"\" data-goto-top=\"off\" data-goto-top-spacing=\"0\" data-goto-disable-m=\"off\" data-groupsameheight=\"off\"><div class=\"module-inside group-inside\" style=\"--top-mod: 20px;--bottom-mod: 0px;--top-mod-t: 20px;--bottom-mod-t: 0px;--top-mod-m:10px;--bottom-mod-m:0px;\" ><div id=\"\" class=\"module col-12 module-id-1717189531929\" data-module-col=\"12\"><div class=\"module-inside text-inside\" style=\"--top-mod: 0px;--bottom-mod: 40px;--top-mod-t: 0px;--bottom-mod-t: 40px;--top-mod-m:0px;--bottom-mod-m:20px;\" ><div class=\"text_block_out\"  data-effect=\"standard\" style=\"\"><div class=\"text_block ux-mod-nobg\"><div class=\"text_block_inn\"><div id=\"text-1717189531929\" class=\"text_block_centered text_block_centered_enable_width\"  style=\"\"><h4 style=\"text-align: center;\">L&rsquo;ESSENTIEL DE L&rsquo;UNIVERS YES&rsquo; EXP\u00c9<\/h4><\/div><\/div><\/div><\/div><\/div><\/div><div id=\"\" class=\"module col-12 module-id-1717188733272\" data-module-col=\"12\"><div class=\"module-inside grid-inside\" style=\"--cornerRadius:0px 0px 0px 0px ; --top-mod: 0px;--bottom-mod: 0px;--top-mod-t: 0px;--bottom-mod-t: 0px;--top-mod-m:0px;--bottom-mod-m:0px;\" ><div class=\"container-masonry ux-portfolio-3col ux-portfolio-3col-mobile ux-portfolio-full  ux-ratio-11 bm-grid-no-spacing \" data-ratio=\"1\" data-col=\"3\" data-found=\"1\" data-number=\"20\" data-mod=\"grid\"><div class=\"masonry-list grid-list clearfix grid-list-1717188733272  grid-text-center      img-fitgird-position-middle  \"  data-unique=\"1717188733272\" data-source=\"ux-portfolio\" data-spaceh=\"0\" data-spacev=\"0\" data-spaceh-m=\"0\" data-spacev-m=\"0\" data-col=\"3\" data-col-m=\"3\"><section class=\"grid-item sea-grid-item filter_facile filter_familial filter_randonnee filter_top  \" data-postid=\"150\" data-tit=\"Chinguetti-Terjit entre oasis &amp; dunes de l&rsquo;Adrar, Mauritanie\"><div class=\"grid-item-inside bm-touch-tab \" ><div class=\"grid-item-con  sea-grid-item-con post--150\" ><a href=\"https:\/\/destination-mauritanie.fr\/fr\/tour-mauritanie\/template-circuit-1\/\"   class=\"grid-item-mask-link\"><\/a><div class=\"grid-item-con-text\"><span class=\"grid-item-tags\"><a title=\"NOS GRANDS TREKS\" href=\"https:\/\/destination-mauritanie.fr\/fr\/ux-portfolio-tag\/nos-grands-treks\/\" class=\"grid-item-tag\">NOS GRANDS TREKS<\/a><\/span><\/div><\/div><div class=\"brick-content ux-lazyload-wrap  \" style=\" padding-top: 66.615384615385%;\" ><img decoding=\"async\" class=\"grid-item-img ux-background-img-1st lazy\" src=\"data:image\/gif;base64,R0lGODlhAQABAIAAAAAAAP\/\/\/yH5BAEAAAAALAAAAAABAAEAAAIBRAA7\" data-src=\"https:\/\/destination-mauritanie.fr\/wp-content\/uploads\/2024\/04\/AR41_MAURITANIE_VAUDAUX002-650x433.jpg\" data-srcset=\"https:\/\/destination-mauritanie.fr\/wp-content\/uploads\/2024\/04\/AR41_MAURITANIE_VAUDAUX002-arttheme-standard-thumb-650x433.jpg 650w, https:\/\/destination-mauritanie.fr\/wp-content\/uploads\/2024\/04\/AR41_MAURITANIE_VAUDAUX002-300x200.jpg 300w, https:\/\/destination-mauritanie.fr\/wp-content\/uploads\/2024\/04\/AR41_MAURITANIE_VAUDAUX002-1024x683.jpg 1024w, https:\/\/destination-mauritanie.fr\/wp-content\/uploads\/2024\/04\/AR41_MAURITANIE_VAUDAUX002-768x512.jpg 768w, https:\/\/destination-mauritanie.fr\/wp-content\/uploads\/2024\/04\/AR41_MAURITANIE_VAUDAUX002-1536x1024.jpg 1536w, https:\/\/destination-mauritanie.fr\/wp-content\/uploads\/2024\/04\/AR41_MAURITANIE_VAUDAUX002-350x233.jpg 350w, https:\/\/destination-mauritanie.fr\/wp-content\/uploads\/2024\/04\/AR41_MAURITANIE_VAUDAUX002-arttheme-standard-thumb-medium-1000x667.jpg 1000w, https:\/\/destination-mauritanie.fr\/wp-content\/uploads\/2024\/04\/AR41_MAURITANIE_VAUDAUX002.jpg 1600w\" data-sizes=\"(max-width: 480px) 100px,(max-width: 767px) 200px,(max-width: 480px) 320px,(max-width: 767px) 500px,(max-width: 650px) 100vw, 650px\" alt=\"Destination_Mauritanie_Adrar_randonn\u00e9e-4x4\"><\/div><\/div><\/section><\/div><\/div><\/div><\/div><\/div><\/div><div id=\"\" class=\"module col-7 module-id-165086853845 bm-wrap row-middle row-left keep-origin-layout-mobile col-offset-4\" data-module-col=\"7\" data-change-color=\"off\" data-backcolor=\"transparent\" data-frontcolor=\"\" data-logocolor=\"\" data-goto-top=\"off\" data-goto-top-spacing=\"0\" data-goto-disable-m=\"off\" data-groupsameheight=\"off\"><div class=\"module-inside group-inside\" style=\"--top-mod: 60px;--bottom-mod: 60px;--top-mod-t: 60px;--bottom-mod-t: 60px;--top-mod-m:30px;--bottom-mod-m:50px;\" ><div id=\"\" class=\"module col-4 module-id-1650868544791\" data-module-col=\"4\"><div class=\"module-inside text-inside prarallaxEnable\" style=\"--traksX:translateX(-22px); --traksXM:translateX(0px); --traksY:translateY(0px); --traksYM:translateY(0px); --SkewY:skewY(0deg); --SkewYM:skewY(0deg); --SkewX:skewX(0deg); --SkewXM:skewX(0deg); --scale:scale(1); --scaleM:scale(1); --rotate:rotate(0deg); --rotateM:rotate(0deg); --top-mod: 0px;--bottom-mod: 0px;--top-mod-t: 0px;--bottom-mod-t: 0px;--top-mod-m:0px;--bottom-mod-m:0px;\" data-parallax-start=\"79%\"><div class=\"text_block_out\"  data-effect=\"standard\" style=\"\"><div class=\"text_block ux-mod-nobg\"><div class=\"text_block_inn\"><div id=\"text-1650868544791\" class=\"text_block_centered text_block_centered_enable_width\"  style=\"\"><h4>20 ans d&rsquo;exp\u00e9rience<\/h4><\/div><\/div><\/div><\/div><\/div><\/div><div id=\"\" class=\"module col-7 module-id-1650943035396\" data-module-col=\"7\"><div class=\"module-inside text-inside prarallaxEnable\" style=\"--traksX:translateX(24px); --traksXM:translateX(0px); --traksY:translateY(0px); --traksYM:translateY(0px); --SkewY:skewY(0deg); --SkewYM:skewY(0deg); --SkewX:skewX(0.5deg); --SkewXM:skewX(0deg); --scale:scale(1); --scaleM:scale(1); --rotate:rotate(0deg); --rotateM:rotate(0deg); --top-mod: 0px;--bottom-mod: 0px;--top-mod-t: 0px;--bottom-mod-t: 0px;--top-mod-m:0px;--bottom-mod-m:0px;\" data-parallax-start=\"76%\"><div class=\"text_block_out\"  data-effect=\"standard\" style=\"\"><div class=\"text_block ux-mod-nobg\"><div class=\"text_block_inn\"><div id=\"text-1650943035396\" class=\"text_block_centered text_block_centered_enable_width\"  style=\"\"><h4><span style=\"font-size: 40px;\" data-msize=\"32px\" data-tsize=\"32px\">YES&rsquo; Exp\u00e9 c&rsquo;est une \u00e9quipe riche de 20 ann\u00e9es d&rsquo;accompagnement et d&rsquo;organisation de voyage dans toute la Mauritanie, des dunes de l&rsquo;Adrar aux rivages du Banc d&rsquo;Arguin, en passant par les plateaux du Tagant. <br><\/span><\/h4><\/div><\/div><\/div><\/div><\/div><\/div><div id=\"BOUTON_RESA\" class=\"module col-7 module-id-1717188508447 module-animation\" data-module-col=\"7\"><div class=\"module-inside button-inside\" style=\"--top-mod: 20px;--bottom-mod: 60px;--top-mod-t: 20px;--bottom-mod-t: 60px;--top-mod-m:20px;--bottom-mod-m:30px;\" ><div class=\"btn-mod-wrap btn-1717188508447 btn-center btn-center-m ux-horizontal ux-btn-wrap-regular\" style=\"\"><a class=\"ux-btn ux-btn-a-0 ux-cb-btn-1717188508447_0 fadeInM \" style=\"font-family: ux-font-1637424848581; --fontsizeBtn: 24px;--fontsizeBtnT: 16px;--fontsizeBtnM: 14px;--lineHeightBtn: 1.5;--letterSpacingBtn: 2px;\" href=\"https:\/\/destination-mauritanie.fr\/fr\/notre-equipe-locale\/\" target=\"_blank\" rel=\" noopener noreferrer \" data-animation=\"from-bottom\"><span class=\"ux-btn-text-wrap\"><span class=\"ux-btn-text\">NOTRE \u00c9QUIPE<\/span><\/span><\/a><\/div><\/div><\/div><\/div><\/div><div id=\"\" class=\"module col-12 module-id-1716551225470 bm-wrap row-top row-left bm-wrap-height-auto\" data-module-col=\"12\" data-change-color=\"off\" data-backcolor=\"transparent\" data-frontcolor=\"\" data-logocolor=\"\" data-goto-top=\"off\" data-goto-top-spacing=\"0\" data-goto-disable-m=\"off\" data-groupsameheight=\"off\"><div class=\"module-inside group-inside\" style=\"--top-mod: 0px;--bottom-mod: 0px;--top-mod-t: 0px;--bottom-mod-t: 0px;--top-mod-m:0px;--bottom-mod-m:0px;\" ><div id=\"BOUTON_RESA\" class=\"module col-12 module-id-1716551225585 module-animation\" data-module-col=\"12\"><div class=\"module-inside button-inside\" style=\"--top-mod: 120px;--bottom-mod: 60px;--top-mod-t: 120px;--bottom-mod-t: 60px;--top-mod-m:70px;--bottom-mod-m:30px;\" ><div class=\"btn-mod-wrap btn-1716551225585 btn-center btn-center-m ux-horizontal ux-btn-wrap-regular\" style=\"\"><a class=\"ux-btn ux-btn-a-0 ux-cb-btn-1716551225585_0 fadeInM \" style=\"font-family: ux-font-1637424848581; --fontsizeBtn: 26px;--fontsizeBtnT: 18px;--fontsizeBtnM: 16px;--lineHeightBtn: 1.5;--letterSpacingBtn: 2px;\" href=\"https:\/\/destination-mauritanie.fr\/informations-contact\/\" target=\"_blank\" rel=\" noopener noreferrer \" data-animation=\"from-bottom\"><span class=\"ux-btn-text-wrap\"><span class=\"ux-btn-text\">NOUS CONTACTER<\/span><\/span><\/a><\/div><\/div><\/div><\/div><\/div><div id=\"\" class=\"module col-0 module-id-1716551369808 bm-wrap row-equal_spacing_v row-left\" data-module-col=\"0\" data-change-color=\"off\" data-backcolor=\"transparent\" data-frontcolor=\"\" data-logocolor=\"\" data-goto-top=\"off\" data-goto-top-spacing=\"0\" data-goto-disable-m=\"off\" data-groupsameheight=\"off\"><div class=\"module-inside group-inside\" style=\"--cornerRadius:0px 0px 0px 0px ; --top-mod: 200px;--bottom-mod: 0px;--top-mod-t: 200px;--bottom-mod-t: 0px;--top-mod-m:200px;--bottom-mod-m:0px;\" ><div class=\"bm-background-img\" style=\"background-image:url(https:\/\/destination-mauritanie.fr\/wp-content\/uploads\/2024\/04\/AR41_MAURITANIE_VAUDAUX005.jpg);background-attachment:fixed;background-position: 50% 0;--maskOpacity:0.5;--maskColor:#000000;\"><\/div><div id=\"\" class=\"module col-12 module-id-1716551369941\" data-module-col=\"12\"><div class=\"module-inside text-inside\" style=\"--top-mod: 0px;--bottom-mod: 40px;--top-mod-t: 0px;--bottom-mod-t: 40px;--top-mod-m:0px;--bottom-mod-m:50px;\" ><div class=\"text_block_out\"  data-effect=\"standard\" style=\"\"><div class=\"text_block ux-mod-nobg\"><div class=\"text_block_inn\"><div id=\"text-1716551369941\" class=\"text_block_centered text_block_centered_enable_width\"  style=\"\"><h3 style=\"text-align: center;\"><span style=\"font-size: 5vw; color: #f5f5f5;\" data-msize=\"32px\">La Mauritanie \u00e0 votre mesure<br><\/span><\/h3>\n<p style=\"text-align: center;\">&nbsp;<\/p>\n<p style=\"text-align: center;\"><span style=\"color: #ffffff;\">Bivouacs de r\u00eave sous les \u00e9toiles du Sahara<\/span><\/p>\n<p style=\"text-align: center;\"><span style=\"color: #ffffff;\">Randonn\u00e9e sur les traces des nomades<\/span><\/p>\n<p style=\"text-align: center;\"><span style=\"color: #ffffff;\">Exp\u00e9dition 4&#215;4 hors-piste<\/span><\/p>\n<p style=\"text-align: center;\">&nbsp;<\/p><\/div><\/div><\/div><\/div><\/div><\/div><div id=\"\" class=\"module col-4 module-id-171655137032\" data-module-col=\"4\"><div class=\"module-inside text-inside\" style=\"--top-mod: 0px;--bottom-mod: 40px;--top-mod-t: 0px;--bottom-mod-t: 40px;--top-mod-m:0px;--bottom-mod-m:20px;\" ><div class=\"text_block_out\"  data-effect=\"standard\" style=\"\"><div class=\"text_block ux-mod-nobg\"><div class=\"text_block_inn\"><div id=\"text-171655137032\" class=\"text_block_centered text_block_centered_enable_width\"  style=\"\"><p style=\"text-align: center;\"><span style=\"font-size: 16px; color: #ffffff;\" data-msize=\"12px\" data-tsize=\"12px\">+222 46 40 26 45 <br><a style=\"color: #ffffff;\" href=\"mailto:yes.exp.mauritanie@gmail.com\">yes.exp.mauritanie@gmail.com<\/a><\/span><\/p><\/div><\/div><\/div><\/div><\/div><\/div><div id=\"\" class=\"module col-4 module-id-1716551370126\" data-module-col=\"4\"><div class=\"module-inside text-inside\" style=\"--top-mod: 0px;--bottom-mod: 40px;--top-mod-t: 0px;--bottom-mod-t: 40px;--top-mod-m:0px;--bottom-mod-m:60px;\" ><div class=\"text_block_out\"  data-effect=\"standard\" style=\"\"><div class=\"text_block ux-mod-nobg\"><div class=\"text_block_inn\"><div id=\"text-1716551370126\" class=\"text_block_centered text_block_centered_enable_width\"  style=\"\"><p style=\"text-align: center;\"><span style=\"font-size: 16px; color: #f5f5f5;\" data-msize=\"12px\" data-tsize=\"12px\">Atar &amp; Nouakchott<br>\u2014Mauritanie \u2014 <br><\/span><\/p><\/div><\/div><\/div><\/div><\/div><\/div><div id=\"\" class=\"module col-4 module-id-1716551370226\" data-module-col=\"4\"><div class=\"module-inside text-inside\" style=\"--top-mod: 0px;--bottom-mod: 40px;--top-mod-t: 0px;--bottom-mod-t: 40px;--top-mod-m:0px;--bottom-mod-m:60px;\" ><div class=\"text_block_out\"  data-effect=\"standard\" style=\"\"><div class=\"text_block ux-mod-nobg\"><div class=\"text_block_inn\"><div id=\"text-1716551370226\" class=\"text_block_centered text_block_centered_enable_width\"  style=\"\"><p style=\"text-align: center;\"><span style=\"font-size: 16px; color: #f5f5f5;\" data-msize=\"12px\" data-tsize=\"12px\">Copyright vodoje<br>2024<\/span><\/p><\/div><\/div><\/div><\/div><\/div><\/div><div id=\"\" class=\"module col-12 module-id-1716551370322\" data-module-col=\"12\"><div class=\"module-inside social-media-inside\" style=\"--top-mod: 0px;--bottom-mod: 40px;--top-mod-t: 0px;--bottom-mod-t: 40px;--top-mod-m:0px;--bottom-mod-m:20px;\" ><div class=\"social-media-wrap ux-center ux-center-m ux-horizontal ux-horizontal-m\"><ul class=\"module-social module-social-link \"><li class=\"social-li\" ><a class=\"share\" href=\"https:\/\/web.facebook.com\/YesExp.2022\" target=\"_blank\" rel=\"nofollow noopener noreferrer\"><span class=\"fa fa-facebook fab\"><\/span><\/a><\/li><li class=\"social-li\" ><a class=\"share\" href=\"https:\/\/www.instagram.com\/yes.expe.mauritanie\/\" target=\"_blank\" rel=\"nofollow noopener noreferrer\"><span class=\"fa fa-instagram fab\"><\/span><\/a><\/li><li class=\"social-li\" ><a class=\"share\" href=\"https:\/\/wa.me\/22246402645\" target=\"_blank\" rel=\"nofollow noopener noreferrer\"><span class=\"fa fa-whatsapp fab\"><\/span><\/a><\/li><\/ul><\/div><\/div><\/div><\/div><\/div><\/div>","protected":false},"excerpt":{"rendered":"<p>DESTINATION MAURITANIE By Yes&rsquo;Exp\u00e9L&rsquo;ESSENTIEL DE L&rsquo;UNIVERS YES&rsquo; EXP\u00c9NOS GRANDS TREKS20 &hellip;<\/p>\n","protected":false},"author":1,"featured_media":0,"parent":0,"menu_order":0,"comment_status":"closed","ping_status":"closed","template":"","meta":{"footnotes":""},"aioseo_notices":[],"_links":{"self":[{"href":"https:\/\/destination-mauritanie.fr\/fr\/wp-json\/wp\/v2\/pages\/223"}],"collection":[{"href":"https:\/\/destination-mauritanie.fr\/fr\/wp-json\/wp\/v2\/pages"}],"about":[{"href":"https:\/\/destination-mauritanie.fr\/fr\/wp-json\/wp\/v2\/types\/page"}],"author":[{"embeddable":true,"href":"https:\/\/destination-mauritanie.fr\/fr\/wp-json\/wp\/v2\/users\/1"}],"replies":[{"embeddable":true,"href":"https:\/\/destination-mauritanie.fr\/fr\/wp-json\/wp\/v2\/comments?post=223"}],"version-history":[{"count":4,"href":"https:\/\/destination-mauritanie.fr\/fr\/wp-json\/wp\/v2\/pages\/223\/revisions"}],"predecessor-version":[{"id":331,"href":"https:\/\/destination-mauritanie.fr\/fr\/wp-json\/wp\/v2\/pages\/223\/revisions\/331"}],"wp:attachment":[{"href":"https:\/\/destination-mauritanie.fr\/fr\/wp-json\/wp\/v2\/media?parent=223"}],"curies":[{"name":"wp","href":"https:\/\/api.w.org\/{rel}","templated":true}]}}