{"id":367,"date":"2024-04-27T17:18:09","date_gmt":"2024-04-27T15:18:09","guid":{"rendered":"https:\/\/destination-mauritanie.fr\/?page_id=367"},"modified":"2024-06-01T01:24:22","modified_gmt":"2024-05-31T23:24:22","slug":"notre-equipe-locale","status":"publish","type":"page","link":"https:\/\/destination-mauritanie.fr\/fr\/notre-equipe-locale\/","title":{"rendered":"Notre \u00e9quipe 100% locale"},"content":{"rendered":"<div class=\"bm-builder clearfix \"><div id=\"\" class=\"module col-12 module-id-1714230929287 bm-wrap row-equal_spacing_v row-center\" data-module-col=\"12\" data-change-color=\"off\" data-backcolor=\"transparent\" data-frontcolor=\"\" data-logocolor=\"\" data-goto-top=\"off\" data-goto-top-spacing=\"0\" data-goto-disable-m=\"off\" data-groupsameheight=\"off\"><div class=\"module-inside group-inside\" style=\"--cornerRadius:0px 0px 0px 0px ; --top-mod: 0px;--bottom-mod: 20px;--top-mod-t: 0px;--bottom-mod-t: 20px;--top-mod-m:0px;--bottom-mod-m:0px;\" ><div class=\"bm-background-color\" style=\"background-color:#ffffff;\"><\/div><div id=\"\" class=\"module col-12 module-id-1714230929545\" data-module-col=\"12\"><div class=\"module-inside text-inside\" style=\"--top-mod: 0px;--bottom-mod: 80px;--top-mod-t: 0px;--bottom-mod-t: 80px;--top-mod-m:40px;--bottom-mod-m:0px;\" ><div class=\"text_block_out\"  data-effect=\"standard\" style=\"\"><div class=\"text_block ux-mod-nobg\"><div class=\"text_block_inn\"><div id=\"text-1714230929545\" class=\"text_block_centered text_block_centered_enable_width\"  style=\"\"><h1 style=\"text-align: center;\"><span style=\"font-size: 120px; --font-size-m: 84px; color: #000000;\">Agence Yes&rsquo; Exp\u00e9<br><\/span><\/h1>\n<p>&nbsp;<\/p>\n<p style=\"text-align: center;\"><span style=\"color: #000000;\">locale &amp; exp\u00e9riment\u00e9e<\/span><\/p><\/div><\/div><\/div><\/div><\/div><\/div><div id=\"\" class=\"module col-12 module-id-1714230929641\" data-module-col=\"12\"><div class=\"module-inside single-image-inside\" style=\"--cornerRadius:0px 0px 0px 0px ; --top-mod: 0px;--bottom-mod: 0px;--top-mod-t: 0px;--bottom-mod-t: 0px;--top-mod-m:0px;--bottom-mod-m:0px;\" ><div class=\"single-image-out  \"  ><figure class=\"single-image   single-image-full   \" no><div class=\"ux-hover-wrap anima-wrap\" style=\"padding-top: 66.666666666667%;\"><span class=\"ux-hover-wrap-a\"><img loading=\"lazy\" decoding=\"async\" alt=\"Destination-Mauritanie\" class=\"single-image-img img1st lazy \" src=\"data:image\/gif;base64,R0lGODlhAQABAIAAAAAAAP\/\/\/yH5BAEAAAAALAAAAAABAAEAAAIBRAA7\" data-src=\"https:\/\/destination-mauritanie.fr\/wp-content\/uploads\/2024\/05\/DESTINATION-MAURITANIE-AZOUGI_7.jpg\" data-srcset=\"https:\/\/destination-mauritanie.fr\/wp-content\/uploads\/2024\/05\/DESTINATION-MAURITANIE-AZOUGI_7.jpg 1080w, https:\/\/destination-mauritanie.fr\/wp-content\/uploads\/2024\/05\/DESTINATION-MAURITANIE-AZOUGI_7-300x200.jpg 300w, https:\/\/destination-mauritanie.fr\/wp-content\/uploads\/2024\/05\/DESTINATION-MAURITANIE-AZOUGI_7-1024x683.jpg 1024w, https:\/\/destination-mauritanie.fr\/wp-content\/uploads\/2024\/05\/DESTINATION-MAURITANIE-AZOUGI_7-768x512.jpg 768w, https:\/\/destination-mauritanie.fr\/wp-content\/uploads\/2024\/05\/DESTINATION-MAURITANIE-AZOUGI_7-18x12.jpg 18w, https:\/\/destination-mauritanie.fr\/wp-content\/uploads\/2024\/05\/DESTINATION-MAURITANIE-AZOUGI_7-350x233.jpg 350w, https:\/\/destination-mauritanie.fr\/wp-content\/uploads\/2024\/05\/DESTINATION-MAURITANIE-AZOUGI_7-650x433.jpg 650w, https:\/\/destination-mauritanie.fr\/wp-content\/uploads\/2024\/05\/DESTINATION-MAURITANIE-AZOUGI_7-1000x667.jpg 1000w\" data-sizes=\"(max-width: 480px) 320px,(max-width: 767px) 500px,(max-width: 1080px) 100vw, 1080px\" width=\"1080\" height=\"720\" \/><\/span><\/div><\/figure><\/div><\/div><\/div><\/div><\/div><div id=\"\" class=\"module col-12 module-id-1714230929934 bm-wrap row-top row-left bm-wrap-height-auto\" data-module-col=\"12\" data-change-color=\"off\" data-backcolor=\"transparent\" data-frontcolor=\"\" data-logocolor=\"\" data-goto-top=\"off\" data-goto-top-spacing=\"0\" data-goto-disable-m=\"off\" data-groupsameheight=\"off\"><div class=\"module-inside group-inside\" style=\"--cornerRadius:0px 0px 0px 0px ; --top-mod: 0px;--bottom-mod: 120px;--top-mod-t: 0px;--bottom-mod-t: 120px;--top-mod-m:0px;--bottom-mod-m:20px;\" ><div class=\"bm-background-color\" style=\"background-color:#ffffff;\"><\/div><div id=\"\" class=\"module col-6 module-id-1714230930113\" data-module-col=\"6\"><div class=\"module-inside text-inside\" style=\"--top-mod: 10px;--bottom-mod: 0px;--top-mod-t: 10px;--bottom-mod-t: 0px;--top-mod-m:0px;--bottom-mod-m:20px;\" ><div class=\"text_block_out\"  data-effect=\"standard\" style=\"\"><div class=\"text_block ux-mod-nobg\"><div class=\"text_block_inn\"><div id=\"text-1714230930113\" class=\"text_block_centered text_block_centered_enable_width\"  style=\"\"><p>&nbsp;<\/p>\n<p style=\"font-size: 18px;\">Atar &amp; Nouakchott, Mauritanie<\/p>\n<p style=\"font-size: 18px;\">Whatsapp: <a href=\"https:\/\/wa.me\/22246402645\">+222 46 40 26 45<\/a><br>Email: <a href=\"mailto:yes.exp.mauritanie@gmail.com\">yes.exp.mauritanie@gmail.com<\/a><\/p>\n<p>&nbsp;<\/p><\/div><\/div><\/div><\/div><\/div><\/div><div id=\"\" class=\"module col-5 module-id-1714230930222\" data-module-col=\"5\"><div class=\"module-inside text-inside\" style=\"--top-mod: 40px;--bottom-mod: 20px;--top-mod-t: 40px;--bottom-mod-t: 20px;--top-mod-m:20px;--bottom-mod-m:20px;\" ><div class=\"text_block_out\"  data-effect=\"standard\" style=\"\"><div class=\"text_block ux-mod-nobg\"><div class=\"text_block_inn\"><div id=\"text-1714230930222\" class=\"text_block_centered text_block_centered_enable_width\"  style=\"\"><h6>YES\u2019 Exp\u00e9 c\u2019est une \u00e9quipe riche de 20 ann\u00e9es d\u2019accompagnement et d\u2019organisation de voyage d&rsquo;aventure dans toute la Mauritanie, des dunes de l\u2019Adrar aux rivages du Banc d\u2019Arguin, en passant par les plateaux du Tagant.<\/h6><\/div><\/div><\/div><\/div><\/div><\/div><div id=\"\" class=\"module col-0 module-id-1714230930356 col-offset-3\" data-module-col=\"0\"><div class=\"module-inside text-inside\" style=\"--top-mod: 20px;--bottom-mod: 0px;--top-mod-t: 20px;--bottom-mod-t: 0px;--top-mod-m:10px;--bottom-mod-m:0px;\" ><div class=\"text_block_out\"  data-effect=\"standard\" style=\"\"><div class=\"text_block ux-mod-nobg\"><div class=\"text_block_inn\"><div id=\"text-1714230930356\" class=\"text_block_centered text_block_centered_enable_width\"  style=\"\"><h4 style=\"text-align: center;\">Yes&rsquo; Exp\u00e9 est n\u00e9<\/h4>\n<h4 style=\"text-align: center;\">de deux constats.<\/h4>\n<p>&nbsp;<\/p>\n<h6>Le Sahara est immuable, mill\u00e9naire, source d&rsquo;apaisement.<\/h6>\n<h6 style=\"text-align: right;\">Les voyageurs changent, leurs besoins aussi.<\/h6>\n<p>&nbsp;<\/p><\/div><\/div><\/div><\/div><\/div><\/div><\/div><\/div><div id=\"\" class=\"module col-6 module-id-1714230930561 bm-wrap row-top row-left bm-wrap-height-auto col-offset-3\" data-module-col=\"6\" data-change-color=\"off\" data-backcolor=\"transparent\" data-frontcolor=\"\" data-logocolor=\"\" data-goto-top=\"off\" data-goto-top-spacing=\"0\" data-goto-disable-m=\"off\" data-groupsameheight=\"off\"><div class=\"module-inside group-inside\" style=\"--cornerRadius:0px 0px 0px 0px ; --top-mod: 0px;--bottom-mod: 100px;--top-mod-t: 0px;--bottom-mod-t: 100px;--top-mod-m:0px;--bottom-mod-m:0px;\" ><div class=\"bm-background-color\" style=\"background-color:#ffffff;\"><\/div><div id=\"\" class=\"module col-6 module-id-1717194044247\" data-module-col=\"6\"><div class=\"module-inside text-inside\" style=\"--top-mod: 0px;--bottom-mod: 0px;--top-mod-t: 0px;--bottom-mod-t: 0px;--top-mod-m:0px;--bottom-mod-m:0px;\" ><div class=\"text_block_out\"  data-effect=\"standard\" style=\"\"><div class=\"text_block ux-mod-nobg\"><div class=\"text_block_inn\"><div id=\"text-1717194044247\" class=\"text_block_centered text_block_centered_enable_width\"  style=\"\"><h4 style=\"text-align: center;\">Yes&rsquo; Exp\u00e9 ?<\/h4><\/div><\/div><\/div><\/div><\/div><\/div><div id=\"\" class=\"module col-3 module-id-1714230930751 col-offset-3\" data-module-col=\"3\"><div class=\"module-inside single-image-inside\" style=\"--cornerRadius:0px 0px 0px 0px ; --top-mod: 20px;--bottom-mod: 0px;--top-mod-t: 20px;--bottom-mod-t: 0px;--top-mod-m:10px;--bottom-mod-m:0px;\" ><div class=\"single-image-out  \"  ><figure class=\"single-image   single-image-full   \" no><div class=\"ux-hover-wrap anima-wrap\" style=\"padding-top: 93.026941362916%;\"><span class=\"ux-hover-wrap-a\"><img loading=\"lazy\" decoding=\"async\" alt=\"Yeslem, directeur et guide accompagnateur de Yes&rsquo; Exp\u00e9\" class=\"single-image-img img1st lazy \" src=\"data:image\/gif;base64,R0lGODlhAQABAIAAAAAAAP\/\/\/yH5BAEAAAAALAAAAAABAAEAAAIBRAA7\" data-src=\"https:\/\/destination-mauritanie.fr\/wp-content\/uploads\/2024\/05\/Capture-decran-2024-05-28-a-23.34.44.png\" data-srcset=\"https:\/\/destination-mauritanie.fr\/wp-content\/uploads\/2024\/05\/Capture-decran-2024-05-28-a-23.34.44.png 1262w, https:\/\/destination-mauritanie.fr\/wp-content\/uploads\/2024\/05\/Capture-decran-2024-05-28-a-23.34.44-300x279.png 300w, https:\/\/destination-mauritanie.fr\/wp-content\/uploads\/2024\/05\/Capture-decran-2024-05-28-a-23.34.44-1024x953.png 1024w, https:\/\/destination-mauritanie.fr\/wp-content\/uploads\/2024\/05\/Capture-decran-2024-05-28-a-23.34.44-768x714.png 768w, https:\/\/destination-mauritanie.fr\/wp-content\/uploads\/2024\/05\/Capture-decran-2024-05-28-a-23.34.44-13x12.png 13w, https:\/\/destination-mauritanie.fr\/wp-content\/uploads\/2024\/05\/Capture-decran-2024-05-28-a-23.34.44-350x326.png 350w, https:\/\/destination-mauritanie.fr\/wp-content\/uploads\/2024\/05\/Capture-decran-2024-05-28-a-23.34.44-650x605.png 650w, https:\/\/destination-mauritanie.fr\/wp-content\/uploads\/2024\/05\/Capture-decran-2024-05-28-a-23.34.44-1000x930.png 1000w\" data-sizes=\"(max-width: 480px) 320px,(max-width: 767px) 500px,(max-width: 1262px) 100vw, 1262px\" width=\"1262\" height=\"1174\" \/><\/span><\/div><\/figure><\/div><\/div><\/div><div id=\"\" class=\"module col-6 module-id-1714230931293\" data-module-col=\"6\"><div class=\"module-inside text-inside\" style=\"--top-mod: 10px;--bottom-mod: 0px;--top-mod-t: 10px;--bottom-mod-t: 0px;--top-mod-m:0px;--bottom-mod-m:60px;\" ><div class=\"text_block_out\"  data-effect=\"standard\" style=\"\"><div class=\"text_block ux-mod-nobg\"><div class=\"text_block_inn\"><div id=\"text-1714230931293\" class=\"text_block_centered text_block_centered_enable_width\"  style=\"\"><h5 style=\"text-align: center;\"><strong>Yeslem Ould Daddah<\/strong><\/h5>\n<h6 style=\"text-align: center;\">Directeur de Yes&rsquo; Exp\u00e9<\/h6>\n<h6 style=\"text-align: center;\">Guide Accompagnateur<\/h6>\n<h6 style=\"text-align: left;\"><br><span style=\"font-family: ux-font-1568179320663;\">Yeslem, autodidacte passionn\u00e9, a forg\u00e9 sa carri\u00e8re dans le domaine du tourisme d&rsquo;aventure en Mauritanie avec une d\u00e9termination sans faille. Son parcours commence en 1994, lorsqu&rsquo;il d\u00e9bute comme interm\u00e9diaire et traducteur entre les \u00e9quipes chameli\u00e8res et les premiers guides accompagnateurs fran\u00e7ais en Mauritanie.<\/span><br><br><span style=\"font-family: ux-font-1568179320663;\">Sa carri\u00e8re prend un tournant d\u00e9cisif lorsqu&rsquo;il se hisse parmi les premiers guides mauritaniens embauch\u00e9s par un tour op\u00e9rateur international en 1998, apr\u00e8s avoir gravi les \u00e9chelons, d&rsquo;aide cuisinier \u00e0 assistant.<\/span><\/h6>\n<h6 style=\"text-align: left;\"><br><span style=\"font-family: ux-font-1568179320663;\">Fort de cette exp\u00e9rience riche et diversifi\u00e9e, Yeslem d\u00e9cide de cr\u00e9er sa propre agence, Yes Exp\u00e9, en 2021, apr\u00e8s la p\u00e9riode difficile du COVID-19. Son expertise et sa connaissance intime du terrain font de lui un guide accompagnateur hors pair, offrant des exp\u00e9riences inoubliables et authentiques \u00e0 travers le d\u00e9sert mauritanien.<\/span><br><br><span style=\"font-family: ux-font-1568179320663;\">Aujourd&rsquo;hui, Yeslem est reconnu pour son professionnalisme, son sens de l&rsquo;aventure et son d\u00e9vouement \u00e0 offrir des voyages sur-mesure \u00e0 ses clients.<\/span><\/h6><\/div><\/div><\/div><\/div><\/div><\/div><\/div><\/div><div id=\"\" class=\"module col-7 module-id-171423093215 bm-wrap row-top bm-wrap-height-auto\" data-module-col=\"7\" data-change-color=\"off\" data-backcolor=\"transparent\" data-frontcolor=\"\" data-logocolor=\"\" data-goto-top=\"off\" data-goto-top-spacing=\"\" data-goto-disable-m=\"\" data-groupsameheight=\"\"><div class=\"module-inside group-inside\" style=\"--top-mod: 0px;--bottom-mod: 20px;--top-mod-t: 0px;--bottom-mod-t: 20px;--top-mod-m:0px;--bottom-mod-m:0px;\" ><div id=\"\" class=\"module col-6 module-id-1714230932105\" data-module-col=\"6\"><div class=\"module-inside text-inside\" style=\"--top-mod: 0px;--bottom-mod: 20px;--top-mod-t: 0px;--bottom-mod-t: 20px;--top-mod-m:0px;--bottom-mod-m:10px;\" ><div class=\"text_block_out\"  data-effect=\"standard\" style=\"\"><div class=\"text_block ux-mod-nobg\"><div class=\"text_block_inn\"><div id=\"text-1714230932105\" class=\"text_block_centered text_block_centered_enable_width\"  style=\"\"><h3>sur-mesure<\/h3><\/div><\/div><\/div><\/div><\/div><\/div><div id=\"\" class=\"module col-12 module-id-1714230932194\" data-module-col=\"12\"><div class=\"module-inside text-inside\" style=\"--top-mod: 0px;--bottom-mod: 0px;--top-mod-t: 0px;--bottom-mod-t: 0px;--top-mod-m:0px;--bottom-mod-m:20px;\" ><div class=\"text_block_out\"  data-effect=\"standard\" style=\"\"><div class=\"text_block ux-mod-nobg\"><div class=\"text_block_inn\"><div id=\"text-1714230932194\" class=\"text_block_centered text_block_centered_enable_width\"  style=\"\"><h6>Offrir une exp\u00e9rience sur-mesure en Mauritanie est essentiel pour Yes&rsquo; Exp\u00e9. Chaque voyageur a des attentes et des besoins uniques, y compris des niveaux de confort variables. En personnalisant nos circuits, que ce soit par l&rsquo;adaptation des itin\u00e9raires, le rythme des journ\u00e9es, ou des pauses sp\u00e9cifiques, nous r\u00e9pondons \u00e0 ces exigences.<\/h6>\n<h6>Notre objectif est de cr\u00e9er des souvenirs inoubliables et de garantir une aventure authentique, s\u00fbre et adapt\u00e9e aux aspirations de chaque client.<\/h6><\/div><\/div><\/div><\/div><\/div><\/div><\/div><\/div><div id=\"\" class=\"module col-7 module-id-1714230932280 bm-wrap row-top row-left bm-wrap-height-auto col-offset-5\" data-module-col=\"7\" data-change-color=\"off\" data-backcolor=\"transparent\" data-frontcolor=\"\" data-logocolor=\"\" data-goto-top=\"off\" data-goto-top-spacing=\"0\" data-goto-disable-m=\"\" data-groupsameheight=\"\"><div class=\"module-inside group-inside\" style=\"--top-mod: 0px;--bottom-mod: 20px;--top-mod-t: 0px;--bottom-mod-t: 20px;--top-mod-m:0px;--bottom-mod-m:10px;\" ><div id=\"\" class=\"module col-6 module-id-1714230932418\" data-module-col=\"6\"><div class=\"module-inside text-inside\" style=\"--top-mod: 0px;--bottom-mod: 20px;--top-mod-t: 0px;--bottom-mod-t: 20px;--top-mod-m:0px;--bottom-mod-m:10px;\" ><div class=\"text_block_out\"  data-effect=\"standard\" style=\"\"><div class=\"text_block ux-mod-nobg\"><div class=\"text_block_inn\"><div id=\"text-1714230932418\" class=\"text_block_centered text_block_centered_enable_width\"  style=\"\"><h3><strong>professionalisme<\/strong><\/h3><\/div><\/div><\/div><\/div><\/div><\/div><div id=\"\" class=\"module col-6 module-id-1714230932520\" data-module-col=\"6\"><div class=\"module-inside text-inside\" style=\"--top-mod: 0px;--bottom-mod: 0px;--top-mod-t: 0px;--bottom-mod-t: 0px;--top-mod-m:0px;--bottom-mod-m:0px;\" ><div class=\"text_block_out\"  data-effect=\"standard\" style=\"\"><div class=\"text_block ux-mod-nobg\"><div class=\"text_block_inn\"><div id=\"text-1714230932520\" class=\"text_block_centered text_block_centered_enable_width\"  style=\"\"><h6>&nbsp;Yes Exp\u00e9 propose des voyages parfaitement organis\u00e9s dans le d\u00e9sert de Mauritanie, avec une attention particuli\u00e8re port\u00e9e \u00e0 la s\u00e9curit\u00e9. Notre \u00e9quipe locale assure des itin\u00e9raires optimis\u00e9s, tandis que notre mat\u00e9riel de bivouac et de transport est de la plus haute qualit\u00e9, garantissant confort et fiabilit\u00e9.<\/h6>\n<h6>En choisissant Yes Exp\u00e9, vous optez pour une aventure sans soucis, encadr\u00e9e par des professionnels d\u00e9vou\u00e9s \u00e0 votre s\u00e9curit\u00e9 et \u00e0 votre satisfaction. Pour une exp\u00e9rience de voyage en Mauritanie alliant d\u00e9couverte et s\u00e9r\u00e9nit\u00e9, faites confiance \u00e0 notre expertise.<\/h6><\/div><\/div><\/div><\/div><\/div><\/div><\/div><\/div><div id=\"\" class=\"module col-8 module-id-1717196477360nal9z bm-wrap row-top row-left bm-wrap-height-auto\" data-module-col=\"8\" data-change-color=\"off\" data-backcolor=\"transparent\" data-frontcolor=\"\" data-logocolor=\"\" data-goto-top=\"off\" data-goto-top-spacing=\"0\" data-goto-disable-m=\"\" data-groupsameheight=\"\"><div class=\"module-inside group-inside\" style=\"--top-mod: 0px;--bottom-mod: 80px;--top-mod-t: 0px;--bottom-mod-t: 80px;--top-mod-m:0px;--bottom-mod-m:0px;\" ><div id=\"\" class=\"module col-6 module-id-1717196477778BnXKa\" data-module-col=\"6\"><div class=\"module-inside text-inside\" style=\"--top-mod: 0px;--bottom-mod: 20px;--top-mod-t: 0px;--bottom-mod-t: 20px;--top-mod-m:0px;--bottom-mod-m:10px;\" ><div class=\"text_block_out\"  data-effect=\"standard\" style=\"\"><div class=\"text_block ux-mod-nobg\"><div class=\"text_block_inn\"><div id=\"text-1717196477778BnXKa\" class=\"text_block_centered text_block_centered_enable_width\"  style=\"\"><h3><strong>adaptation<\/strong><\/h3><\/div><\/div><\/div><\/div><\/div><\/div><div id=\"\" class=\"module col-8 module-id-1717196477780OlJQM\" data-module-col=\"8\"><div class=\"module-inside text-inside\" style=\"--top-mod: 0px;--bottom-mod: 0px;--top-mod-t: 0px;--bottom-mod-t: 0px;--top-mod-m:0px;--bottom-mod-m:0px;\" ><div class=\"text_block_out\"  data-effect=\"standard\" style=\"\"><div class=\"text_block ux-mod-nobg\"><div class=\"text_block_inn\"><div id=\"text-1717196477780OlJQM\" class=\"text_block_centered text_block_centered_enable_width\"  style=\"\"><h6>Dans les ann\u00e9es 1990, les voyageurs se rendant dans le d\u00e9sert de Mauritanie avaient un profil r\u00e9solument spartiate, souvent \u00e9quip\u00e9s seulement d&rsquo;un bol, d&rsquo;une cuill\u00e8re et de soupes lyophilis\u00e9es, rappelant un mode de vie quasi militaire.<\/h6>\n<h6>Aujourd&rsquo;hui, ce type de voyageur est devenu une esp\u00e8ce en voie de disparition, remplac\u00e9 par une nouvelle g\u00e9n\u00e9ration de vacanciers en qu\u00eate de confort et d&rsquo;exp\u00e9rience. Yes Exp\u00e9 l&rsquo;a bien compris et propose aujourd&rsquo;hui des bivouacs confortables, dot\u00e9s de lits picots avec draps housse, de douches, de tables et de chaises.<\/h6>\n<h6>Pr\u00eat.e.s \u00e0 savourer des jus d&rsquo;orange frais au petit-d\u00e9jeuner et des plats bien cuisin\u00e9s, comme des soupes de l\u00e9gumes frais, au beau milieu des dunes ?<\/h6>\n<h6>Cette \u00e9volution vers plus de confort ne diminue en rien l&rsquo;exp\u00e9rience v\u00e9cue dans le d\u00e9sert mauritanien. Les voyages restent profond\u00e9ment humains et spirituels, car le Sahara conserve son aura myst\u00e9rieuse et intemporelle. Les vacanciers modernes recherchent non seulement le confort mat\u00e9riel, mais aussi une immersion culturelle riche, avec des moments de partage authentiques et des d\u00e9couvertes culturelles qui nourrissent l&rsquo;\u00e2me.<\/h6><\/div><\/div><\/div><\/div><\/div><\/div><\/div><\/div><div id=\"\" class=\"module col-0 module-id-1717184077138 bm-wrap row-equal_spacing_v row-left\" data-module-col=\"0\" data-change-color=\"off\" data-backcolor=\"transparent\" data-frontcolor=\"\" data-logocolor=\"\" data-goto-top=\"off\" data-goto-top-spacing=\"0\" data-goto-disable-m=\"off\" data-groupsameheight=\"off\"><div class=\"module-inside group-inside\" style=\"--cornerRadius:0px 0px 0px 0px ; --top-mod: 200px;--bottom-mod: 0px;--top-mod-t: 200px;--bottom-mod-t: 0px;--top-mod-m:200px;--bottom-mod-m:0px;\" ><div class=\"bm-background-img\" style=\"background-image:url(https:\/\/destination-mauritanie.fr\/wp-content\/uploads\/2024\/04\/AR41_MAURITANIE_VAUDAUX005.jpg);background-attachment:fixed;background-position: 50% 0;--maskOpacity:0.5;--maskColor:#000000;\"><\/div><div id=\"\" class=\"module col-12 module-id-1717184077273\" data-module-col=\"12\"><div class=\"module-inside text-inside\" style=\"--top-mod: 0px;--bottom-mod: 40px;--top-mod-t: 0px;--bottom-mod-t: 40px;--top-mod-m:0px;--bottom-mod-m:50px;\" ><div class=\"text_block_out\"  data-effect=\"standard\" style=\"\"><div class=\"text_block ux-mod-nobg\"><div class=\"text_block_inn\"><div id=\"text-1717184077273\" class=\"text_block_centered text_block_centered_enable_width\"  style=\"\"><h3 style=\"text-align: center;\"><span style=\"font-size: 5vw; color: #f5f5f5;\" data-msize=\"32px\">La Mauritanie \u00e0 votre mesure<br><\/span><\/h3>\n<p style=\"text-align: center;\">&nbsp;<\/p>\n<p style=\"text-align: center;\"><span style=\"color: #ffffff;\">Bivouacs de r\u00eave sous les \u00e9toiles du Sahara<\/span><\/p>\n<p style=\"text-align: center;\"><span style=\"color: #ffffff;\">Randonn\u00e9e sur les traces des nomades<\/span><\/p>\n<p style=\"text-align: center;\"><span style=\"color: #ffffff;\">Exp\u00e9dition 4&#215;4 hors-piste<\/span><\/p>\n<p style=\"text-align: center;\">&nbsp;<\/p><\/div><\/div><\/div><\/div><\/div><\/div><div id=\"\" class=\"module col-4 module-id-1717184077374\" data-module-col=\"4\"><div class=\"module-inside text-inside\" style=\"--top-mod: 0px;--bottom-mod: 40px;--top-mod-t: 0px;--bottom-mod-t: 40px;--top-mod-m:0px;--bottom-mod-m:20px;\" ><div class=\"text_block_out\"  data-effect=\"standard\" style=\"\"><div class=\"text_block ux-mod-nobg\"><div class=\"text_block_inn\"><div id=\"text-1717184077374\" class=\"text_block_centered text_block_centered_enable_width\"  style=\"\"><p style=\"text-align: center;\"><span style=\"font-size: 16px; color: #ffffff;\" data-msize=\"12px\" data-tsize=\"12px\">+222 46 40 26 45 <br><a style=\"color: #ffffff;\" href=\"mailto:yes.exp.mauritanie@gmail.com\">yes.exp.mauritanie@gmail.com<\/a><\/span><\/p><\/div><\/div><\/div><\/div><\/div><\/div><div id=\"\" class=\"module col-4 module-id-1717184077482\" data-module-col=\"4\"><div class=\"module-inside text-inside\" style=\"--top-mod: 0px;--bottom-mod: 40px;--top-mod-t: 0px;--bottom-mod-t: 40px;--top-mod-m:0px;--bottom-mod-m:60px;\" ><div class=\"text_block_out\"  data-effect=\"standard\" style=\"\"><div class=\"text_block ux-mod-nobg\"><div class=\"text_block_inn\"><div id=\"text-1717184077482\" class=\"text_block_centered text_block_centered_enable_width\"  style=\"\"><p style=\"text-align: center;\"><span style=\"font-size: 16px; color: #f5f5f5;\" data-msize=\"12px\" data-tsize=\"12px\">Atar &amp; Nouakchott<br>\u2014Mauritanie \u2014 <br><\/span><\/p><\/div><\/div><\/div><\/div><\/div><\/div><div id=\"\" class=\"module col-4 module-id-1717184077581\" data-module-col=\"4\"><div class=\"module-inside text-inside\" style=\"--top-mod: 0px;--bottom-mod: 40px;--top-mod-t: 0px;--bottom-mod-t: 40px;--top-mod-m:0px;--bottom-mod-m:60px;\" ><div class=\"text_block_out\"  data-effect=\"standard\" style=\"\"><div class=\"text_block ux-mod-nobg\"><div class=\"text_block_inn\"><div id=\"text-1717184077581\" class=\"text_block_centered text_block_centered_enable_width\"  style=\"\"><p style=\"text-align: center;\"><span style=\"font-size: 16px; color: #f5f5f5;\" data-msize=\"12px\" data-tsize=\"12px\">Copyright vodoje<br>2024<\/span><\/p><\/div><\/div><\/div><\/div><\/div><\/div><div id=\"\" class=\"module col-12 module-id-1717184077674\" data-module-col=\"12\"><div class=\"module-inside social-media-inside\" style=\"--top-mod: 0px;--bottom-mod: 40px;--top-mod-t: 0px;--bottom-mod-t: 40px;--top-mod-m:0px;--bottom-mod-m:20px;\" ><div class=\"social-media-wrap ux-center ux-center-m ux-horizontal ux-horizontal-m\"><ul class=\"module-social module-social-link \"><li class=\"social-li\" ><a class=\"share\" href=\"https:\/\/web.facebook.com\/YesExp.2022\" target=\"_blank\" rel=\"nofollow noopener noreferrer\"><span class=\"fa fa-facebook fab\"><\/span><\/a><\/li><li class=\"social-li\" ><a class=\"share\" href=\"https:\/\/www.instagram.com\/yes.expe.mauritanie\/\" target=\"_blank\" rel=\"nofollow noopener noreferrer\"><span class=\"fa fa-instagram fab\"><\/span><\/a><\/li><li class=\"social-li\" ><a class=\"share\" href=\"https:\/\/wa.me\/22246402645\" target=\"_blank\" rel=\"nofollow noopener noreferrer\"><span class=\"fa fa-whatsapp fab\"><\/span><\/a><\/li><\/ul><\/div><\/div><\/div><\/div><\/div><\/div>","protected":false},"excerpt":{"rendered":"<p>Agence Yes&rsquo; Exp\u00e9 &nbsp; locale &amp; exp\u00e9riment\u00e9e&nbsp; Atar &amp; Nouakchott, &hellip;<\/p>\n","protected":false},"author":1,"featured_media":0,"parent":0,"menu_order":0,"comment_status":"closed","ping_status":"closed","template":"","meta":{"footnotes":""},"aioseo_notices":[],"_links":{"self":[{"href":"https:\/\/destination-mauritanie.fr\/fr\/wp-json\/wp\/v2\/pages\/367"}],"collection":[{"href":"https:\/\/destination-mauritanie.fr\/fr\/wp-json\/wp\/v2\/pages"}],"about":[{"href":"https:\/\/destination-mauritanie.fr\/fr\/wp-json\/wp\/v2\/types\/page"}],"author":[{"embeddable":true,"href":"https:\/\/destination-mauritanie.fr\/fr\/wp-json\/wp\/v2\/users\/1"}],"replies":[{"embeddable":true,"href":"https:\/\/destination-mauritanie.fr\/fr\/wp-json\/wp\/v2\/comments?post=367"}],"version-history":[{"count":1,"href":"https:\/\/destination-mauritanie.fr\/fr\/wp-json\/wp\/v2\/pages\/367\/revisions"}],"predecessor-version":[{"id":396,"href":"https:\/\/destination-mauritanie.fr\/fr\/wp-json\/wp\/v2\/pages\/367\/revisions\/396"}],"wp:attachment":[{"href":"https:\/\/destination-mauritanie.fr\/fr\/wp-json\/wp\/v2\/media?parent=367"}],"curies":[{"name":"wp","href":"https:\/\/api.w.org\/{rel}","templated":true}]}}